{"id":35,"date":"2019-06-01T11:33:28","date_gmt":"2019-06-01T11:33:28","guid":{"rendered":"http:\/\/feanwiven.com\/?page_id=35"},"modified":"2026-04-14T11:10:17","modified_gmt":"2026-04-14T11:10:17","slug":"home","status":"publish","type":"page","link":"https:\/\/feanwiven.com\/","title":{"rendered":"Home"},"content":{"rendered":"\t\t<div data-elementor-type=\"wp-post\" data-elementor-id=\"35\" class=\"elementor elementor-35\">\n\t\t\t\t\t\t<section class=\"elementor-section elementor-top-section elementor-element elementor-element-7d584a3 elementor-section-height-min-height elementor-section-content-middle elementor-section-stretched elementor-section-boxed elementor-section-height-default elementor-section-items-middle\" data-id=\"7d584a3\" data-element_type=\"section\" data-e-type=\"section\" data-settings=\"{&quot;background_background&quot;:&quot;classic&quot;,&quot;stretch_section&quot;:&quot;section-stretched&quot;}\">\n\t\t\t\t\t\t\t<div class=\"elementor-background-overlay\"><\/div>\n\t\t\t\t\t\t\t<div class=\"elementor-container elementor-column-gap-default\">\n\t\t\t\t\t<div class=\"elementor-column elementor-col-100 elementor-top-column elementor-element elementor-element-5dafabe3\" data-id=\"5dafabe3\" data-element_type=\"column\" data-e-type=\"column\">\n\t\t\t<div class=\"elementor-widget-wrap\">\n\t\t\t\t\t\t\t<\/div>\n\t\t<\/div>\n\t\t\t\t\t<\/div>\n\t\t<\/section>\n\t\t\t\t<section class=\"elementor-section elementor-top-section elementor-element elementor-element-10e71c4e elementor-section-content-middle elementor-section-stretched elementor-section-boxed elementor-section-height-default elementor-section-height-default\" data-id=\"10e71c4e\" data-element_type=\"section\" data-e-type=\"section\" data-settings=\"{&quot;stretch_section&quot;:&quot;section-stretched&quot;,&quot;background_background&quot;:&quot;classic&quot;}\">\n\t\t\t\t\t\t<div class=\"elementor-container elementor-column-gap-no\">\n\t\t\t\t\t<div class=\"elementor-column elementor-col-100 elementor-top-column elementor-element elementor-element-199731c6\" data-id=\"199731c6\" data-element_type=\"column\" data-e-type=\"column\">\n\t\t\t<div class=\"elementor-widget-wrap elementor-element-populated\">\n\t\t\t\t\t\t<div class=\"elementor-element elementor-element-4842d796 elementor-widget elementor-widget-heading\" data-id=\"4842d796\" data-element_type=\"widget\" data-e-type=\"widget\" data-widget_type=\"heading.default\">\n\t\t\t\t<div class=\"elementor-widget-container\">\n\t\t\t\t\t<h4 class=\"elementor-heading-title elementor-size-default\">Het koor<\/h4>\t\t\t\t<\/div>\n\t\t\t\t<\/div>\n\t\t\t\t<div class=\"elementor-element elementor-element-1acfba80 elementor-widget elementor-widget-text-editor\" data-id=\"1acfba80\" data-element_type=\"widget\" data-e-type=\"widget\" data-widget_type=\"text-editor.default\">\n\t\t\t\t<div class=\"elementor-widget-container\">\n\t\t\t\t\t\t\t\t\t<p>Welkom op onze website, wat leuk dat je langs komt!<\/p><p>De Feanwiven bestaan sinds december 1997 en bestaat uit circa 32 enthousiaste leden uit Heerenveen en wijde omgeving.<\/p><p>Het koor wordt muzikaal ondersteund door Aukje Jellesma (trekzak) en Wilco Bakker (accordeon) en dit alles onze staat onder de bezielende leiding van onze dirigente Jelly Meijer.<\/p><p>In de loop van de jaren is het koor uitgegroeid tot een hechte groep mensen die met hun zangkwaliteit en kleurrijke, ietsje extravagante uitstraling, van ieder optreden een feest maakt.<\/p><p>Er wordt 1, 2 of 3-stemmig gezongen in het Engels, Nederlands, Fries en andere talen wat het repertoire zeer gevarieerd maakt. Om ons publiek uit volle borst mee te laten zingen wordt er zo nu en dan gebruikgemaakt van z.g. smartlappen. Deze smartlappen worden door onszelf gemaakt.<\/p><p>De Feanwiven kun je tegenkomen bij straatfestivals, in zorgcentra en benefietoptredens maar ook zijn er samenwerkingen met andere koren waaronder de Moorland Voices uit Engeland.<\/p><p>We stellen ons repertoire per optreden samen. Hierbij houden we rekening met de locatie en het te verwachten publiek. We zijn als koor altijd in beweging en zijn dan ook voortdurend bezig om nieuw repertoire in te studeren zodat elk optreden een feest wordt voor iedereen.<\/p><p>Nieuwsgierig geworden? Kijk gerust rond bij \u201cSfeer proeven\u201d om zo een impressie te krijgen van dit gezellige koor.<\/p><p>Om een optreden aan te vragen kan er contact opgenomen worden met Maaike Hiemstra, telefoonnummer <strong>06- 12477424<\/strong> of via email: <strong>info@feanwiven.com<\/strong><\/p><p>En heb je altijd al in een koor willen zingen of een koor willen ondersteunen met een muziekinstrument en ben je enthousiast geworden na het lezen van onze website, kom dan vrijblijvend een keertje kijken op \u00e9\u00e9n van de repetitie-avonden van de Feanwiven en maak kennis met een leuke gezellige groep dames en \u00e9\u00e9n heer die zingen en plezier maken hand in hand laten gaan.<\/p>\t\t\t\t\t\t\t\t<\/div>\n\t\t\t\t<\/div>\n\t\t\t\t\t<\/div>\n\t\t<\/div>\n\t\t\t\t\t<\/div>\n\t\t<\/section>\n\t\t\t\t<section class=\"elementor-section elementor-top-section elementor-element elementor-element-e8332a9 elementor-section-boxed elementor-section-height-default elementor-section-height-default\" data-id=\"e8332a9\" data-element_type=\"section\" data-e-type=\"section\">\n\t\t\t\t\t\t<div class=\"elementor-container elementor-column-gap-default\">\n\t\t\t\t\t<div class=\"elementor-column elementor-col-100 elementor-top-column elementor-element elementor-element-f0a0570\" data-id=\"f0a0570\" data-element_type=\"column\" data-e-type=\"column\">\n\t\t\t<div class=\"elementor-widget-wrap elementor-element-populated\">\n\t\t\t\t\t\t<div class=\"elementor-element elementor-element-36c79c0 elementor-widget elementor-widget-image\" data-id=\"36c79c0\" data-element_type=\"widget\" data-e-type=\"widget\" data-widget_type=\"image.default\">\n\t\t\t\t<div class=\"elementor-widget-container\">\n\t\t\t\t\t\t\t\t\t\t\t\t\t\t\t<img fetchpriority=\"high\" decoding=\"async\" width=\"1024\" height=\"629\" src=\"https:\/\/feanwiven.com\/wp-content\/uploads\/2025\/12\/WhatsApp-Image-2025-12-23-at-18.13.35-e1766565203829-1024x629.jpeg\" class=\"attachment-large size-large wp-image-590\" alt=\"\" srcset=\"https:\/\/feanwiven.com\/wp-content\/uploads\/2025\/12\/WhatsApp-Image-2025-12-23-at-18.13.35-e1766565203829-1024x629.jpeg 1024w, https:\/\/feanwiven.com\/wp-content\/uploads\/2025\/12\/WhatsApp-Image-2025-12-23-at-18.13.35-e1766565203829-300x184.jpeg 300w, https:\/\/feanwiven.com\/wp-content\/uploads\/2025\/12\/WhatsApp-Image-2025-12-23-at-18.13.35-e1766565203829-768x471.jpeg 768w, https:\/\/feanwiven.com\/wp-content\/uploads\/2025\/12\/WhatsApp-Image-2025-12-23-at-18.13.35-e1766565203829.jpeg 1515w\" sizes=\"(max-width: 1024px) 100vw, 1024px\" \/>\t\t\t\t\t\t\t\t\t\t\t\t\t\t\t<\/div>\n\t\t\t\t<\/div>\n\t\t\t\t\t<\/div>\n\t\t<\/div>\n\t\t\t\t\t<\/div>\n\t\t<\/section>\n\t\t\t\t<\/div>\n\t\t","protected":false},"excerpt":{"rendered":"<p>Het koor Welkom op onze website, wat leuk dat je langs komt! De Feanwiven bestaan sinds december 1997 en bestaat uit circa 32 enthousiaste leden uit Heerenveen en wijde omgeving. Het koor wordt muzikaal ondersteund door Aukje Jellesma (trekzak) en Wilco Bakker (accordeon) en dit alles onze staat onder de bezielende leiding van onze dirigente&hellip;&nbsp;<a href=\"https:\/\/feanwiven.com\/\" rel=\"bookmark\">Lees verder &raquo;<span class=\"screen-reader-text\">Home<\/span><\/a><\/p>\n","protected":false},"author":1,"featured_media":0,"parent":0,"menu_order":0,"comment_status":"closed","ping_status":"closed","template":"","meta":{"neve_meta_sidebar":"","neve_meta_container":"","neve_meta_enable_content_width":"","neve_meta_content_width":0,"neve_meta_title_alignment":"","neve_meta_author_avatar":"","neve_post_elements_order":"","neve_meta_disable_header":"","neve_meta_disable_footer":"","neve_meta_disable_title":"","footnotes":""},"class_list":["post-35","page","type-page","status-publish","hentry"],"_links":{"self":[{"href":"https:\/\/feanwiven.com\/index.php?rest_route=\/wp\/v2\/pages\/35","targetHints":{"allow":["GET"]}}],"collection":[{"href":"https:\/\/feanwiven.com\/index.php?rest_route=\/wp\/v2\/pages"}],"about":[{"href":"https:\/\/feanwiven.com\/index.php?rest_route=\/wp\/v2\/types\/page"}],"author":[{"embeddable":true,"href":"https:\/\/feanwiven.com\/index.php?rest_route=\/wp\/v2\/users\/1"}],"replies":[{"embeddable":true,"href":"https:\/\/feanwiven.com\/index.php?rest_route=%2Fwp%2Fv2%2Fcomments&post=35"}],"version-history":[{"count":59,"href":"https:\/\/feanwiven.com\/index.php?rest_route=\/wp\/v2\/pages\/35\/revisions"}],"predecessor-version":[{"id":608,"href":"https:\/\/feanwiven.com\/index.php?rest_route=\/wp\/v2\/pages\/35\/revisions\/608"}],"wp:attachment":[{"href":"https:\/\/feanwiven.com\/index.php?rest_route=%2Fwp%2Fv2%2Fmedia&parent=35"}],"curies":[{"name":"wp","href":"https:\/\/api.w.org\/{rel}","templated":true}]}}